{"id":39,"date":"2025-10-04T06:17:38","date_gmt":"2025-10-04T06:17:38","guid":{"rendered":"https:\/\/staging.tomorrowmobilitysolutions.com\/?page_id=39"},"modified":"2025-12-07T18:20:40","modified_gmt":"2025-12-07T18:20:40","slug":"who-we-are","status":"publish","type":"page","link":"https:\/\/tomorrowmobilitysolutions.com\/fi\/who-we-are\/","title":{"rendered":"Who we are."},"content":{"rendered":"<div class=\"wp-block-group alignfull has-custom-color-5-background-color has-background has-global-padding is-layout-constrained wp-block-group-is-layout-constrained\">\n<div class=\"wp-block-group alignfull has-custom-color-5-background-color has-background has-global-padding is-layout-constrained wp-container-core-group-is-layout-171f1a5e wp-block-group-is-layout-constrained\" style=\"padding-top:var(--wp--preset--spacing--60);padding-right:var(--wp--preset--spacing--50);padding-bottom:var(--wp--preset--spacing--60);padding-left:var(--wp--preset--spacing--50);background-image:url(&apos;https:\/\/tomorrowmobilitysolutions.com\/wp-content\/uploads\/2025\/10\/drew-beamer-xU5Mqq0Chck-unsplash-scaled.jpg&apos;);background-position:36% 32%;background-size:cover;background-attachment:fixed;\">\n<div class=\"wp-block-group has-custom-color-8-background-color has-background has-global-padding is-layout-constrained wp-container-core-group-is-layout-650790e1 wp-block-group-is-layout-constrained\" style=\"border-radius:36px\">\n<div style=\"height:25px\" aria-hidden=\"true\" class=\"wp-block-spacer\"><\/div>\n\n\n\n<h1 class=\"wp-block-heading has-text-align-center has-x-large-font-size\">Riippumaton asiantuntijanne automatisoidussa joukkoliikenteess\u00e4<\/h1>\n\n\n\n<div style=\"height:37px\" aria-hidden=\"true\" class=\"wp-block-spacer\"><\/div>\n\n\n\n<p class=\"has-text-align-left\" style=\"padding-right:var(--wp--preset--spacing--10);padding-left:var(--wp--preset--spacing--10)\">Tomorrow Mobility Solutions on perustettu riippumattomaksi konsulttiyritykseksi, joka nopeuttaa automatisoidun joukkoliikenteen k\u00e4ytt\u00f6\u00f6nottoa tarjoamalla asiakkailleen erikoistunutta ja puolueetonta asiantuntemusta.<\/p>\n\n\n\n<p style=\"padding-right:var(--wp--preset--spacing--10);padding-left:var(--wp--preset--spacing--10)\">Yritys on t\u00e4ll\u00e4 hetkell\u00e4 perustajansa Aleksi Tepposen operoima yhden hengen asiantuntijatoimisto.<\/p>\n\n\n\n<p class=\"has-text-align-left\" style=\"padding-right:var(--wp--preset--spacing--10);padding-left:var(--wp--preset--spacing--10)\">Toisin kuin suuremmat, geneerisemm\u00e4t konsulttitalot, Tomorrow Mobility Solutions pysyy keskittyneen\u00e4 ainoastaan automatisoituun liikenteeseen, mik\u00e4 varmistaa, ett\u00e4 voimme tarjota asiakkaillemme t\u00e4m\u00e4n erikoisalan johtavaa asiantuntemusta.<\/p>\n\n\n\n<div style=\"height:25px\" aria-hidden=\"true\" class=\"wp-block-spacer\"><\/div>\n<\/div>\n<\/div>\n\n\n\n<div class=\"wp-block-group alignfull has-custom-color-5-background-color has-background has-global-padding is-layout-constrained wp-container-core-group-is-layout-490fa1db wp-block-group-is-layout-constrained\" style=\"padding-top:var(--wp--preset--spacing--50);padding-right:var(--wp--preset--spacing--50);padding-bottom:var(--wp--preset--spacing--50);padding-left:var(--wp--preset--spacing--50)\">\n<p><\/p>\n\n\n\n<figure class=\"wp-block-pullquote has-base-2-color has-text-color has-link-color wp-elements-b920faaa3da44521556df7bf018e96c0\"><blockquote><p>\"V\u00e4itt\u00e4isin, ett\u00e4 Aleksi on ollut eturintamassa useimmissa automatisoitujen ajoneuvojen k\u00e4ytt\u00f6\u00f6notoissa Suomessa ja Norjassa, mik\u00e4 tekee h\u00e4nest\u00e4 alalla johtavan asiantuntijan\" <\/p><cite><em>Markku Jokinen, Tuotejohtaja<\/em><\/cite><\/blockquote><\/figure>\n<\/div>\n\n\n\n<div class=\"wp-block-group alignfull has-base-background-color has-background has-global-padding is-layout-constrained wp-container-core-group-is-layout-f611be13 wp-block-group-is-layout-constrained\" style=\"padding-top:var(--wp--preset--spacing--50);padding-right:var(--wp--preset--spacing--50);padding-bottom:var(--wp--preset--spacing--50);padding-left:var(--wp--preset--spacing--50)\">\n<div class=\"wp-block-group has-global-padding is-layout-constrained wp-block-group-is-layout-constrained\">\n<h2 class=\"wp-block-heading\">Aleksi Tepponen<\/h2>\n\n\n\n<h4 class=\"wp-block-heading\"><strong>Perustaja ja johtava asiantuntija<\/strong><\/h4>\n\n\n\n<div class=\"wp-block-group is-vertical is-layout-flex wp-container-core-group-is-layout-fe9cc265 wp-block-group-is-layout-flex\">\n<figure class=\"wp-block-image alignright size-medium has-custom-border is-style-default\" style=\"margin-top:var(--wp--preset--spacing--10);margin-right:var(--wp--preset--spacing--10);margin-bottom:var(--wp--preset--spacing--10);margin-left:var(--wp--preset--spacing--10)\"><img loading=\"lazy\" decoding=\"async\" width=\"300\" height=\"300\" src=\"https:\/\/tomorrowmobilitysolutions.com\/wp-content\/uploads\/2025\/10\/Untitled-design-3-300x300.png\" alt=\"\" class=\"wp-image-104\" style=\"border-style:none;border-width:0px;border-radius:0px;object-fit:cover\" srcset=\"https:\/\/tomorrowmobilitysolutions.com\/wp-content\/uploads\/2025\/10\/Untitled-design-3-300x300.png 300w, https:\/\/tomorrowmobilitysolutions.com\/wp-content\/uploads\/2025\/10\/Untitled-design-3-150x150.png 150w, https:\/\/tomorrowmobilitysolutions.com\/wp-content\/uploads\/2025\/10\/Untitled-design-3.png 500w\" sizes=\"auto, (max-width: 300px) 100vw, 300px\" \/><\/figure>\n\n\n\n<p>Taustani rakentuu yhdistelm\u00e4lle syv\u00e4llist\u00e4 teknist\u00e4 osaamista ja kokemusta ratkaisujen k\u00e4ytt\u00f6\u00f6notoista automatisoidun liikenteen alalta. Minulla on ajoneuvotekniikan ylempi korkeakoulututkinto , ja olen ollut avainasemassa yli 25 automatisoidun liikenn\u00f6innin projektissa Euroopassa ja Aasiassa. N\u00e4m\u00e4 projektit vaihtelevat ensimm\u00e4isest\u00e4 pitk\u00e4aikaisesta automatisoitujen ajoneuvojen k\u00e4ytt\u00f6\u00f6notosta napapiirin pohjoispuolella Bod\u00f8ss\u00e4, Norjassa, jossa l\u00e4mp\u00f6tilat laskivat alle -20\u00b0C, aina automatisoidun maansiirtoauton testausohjelman koordinointiin Japanissa +40\u00b0C:n l\u00e4mp\u00f6tilassa.<\/p>\n<\/div>\n\n\n\n<p>N\u00e4iden kokemusten kautta olen saanut ainutlaatuisen n\u00e4k\u00f6kulman alaan, siirtyen automatisoitujen ajoj\u00e4rjestelmien kehityksest\u00e4 ty\u00f6skentelem\u00e4\u00e4n automatisoitujen ajoneuvojen joukkoliikenneoperaattorille, jossa p\u00e4\u00e4sin yhdist\u00e4m\u00e4\u00e4n teknologian todellisiin sovelluksiin. Saavutukseni alalla on tunnustettu muun muassa Suomalaisella Insin\u00f6\u00f6rity\u00f6palkinnolla. Minua motivoi henkil\u00f6kohtainen missioni tehd\u00e4 el\u00e4misest\u00e4mme kest\u00e4v\u00e4mp\u00e4\u00e4 teknologioiden, kuten automatisoidun ajamisen, avulla.<\/p>\n\n\n\n<div class=\"wp-block-buttons is-layout-flex wp-block-buttons-is-layout-flex\">\n<div class=\"wp-block-button\"><a class=\"wp-block-button__link wp-element-button\" href=\"https:\/\/tomorrowmobilitysolutions.com\/fi\/contact-us\/\">Ota yhteytt\u00e4<\/a><\/div>\n<\/div>\n<\/div>\n<\/div>\n<\/div>","protected":false},"excerpt":{"rendered":"<p>Your Independent Expert in Automated Mobility. Tomorrow Mobility Solutions is founded to be an independent consultancy that accelerates the adoption of Automated Public Transport by bringing highly specialized, unbiased expertise to its customers. The consultancy is currently working as a single-expert firm, operated by its founder Aleksi Tepponen. Unlike larger, generalist consulting houses, Tomorrow Mobility [&hellip;]<\/p>\n","protected":false},"author":1,"featured_media":0,"parent":0,"menu_order":0,"comment_status":"closed","ping_status":"closed","template":"","meta":{"footnotes":""},"class_list":["post-39","page","type-page","status-publish","hentry"],"aioseo_notices":[],"_links":{"self":[{"href":"https:\/\/tomorrowmobilitysolutions.com\/fi\/wp-json\/wp\/v2\/pages\/39","targetHints":{"allow":["GET"]}}],"collection":[{"href":"https:\/\/tomorrowmobilitysolutions.com\/fi\/wp-json\/wp\/v2\/pages"}],"about":[{"href":"https:\/\/tomorrowmobilitysolutions.com\/fi\/wp-json\/wp\/v2\/types\/page"}],"author":[{"embeddable":true,"href":"https:\/\/tomorrowmobilitysolutions.com\/fi\/wp-json\/wp\/v2\/users\/1"}],"replies":[{"embeddable":true,"href":"https:\/\/tomorrowmobilitysolutions.com\/fi\/wp-json\/wp\/v2\/comments?post=39"}],"version-history":[{"count":54,"href":"https:\/\/tomorrowmobilitysolutions.com\/fi\/wp-json\/wp\/v2\/pages\/39\/revisions"}],"predecessor-version":[{"id":528,"href":"https:\/\/tomorrowmobilitysolutions.com\/fi\/wp-json\/wp\/v2\/pages\/39\/revisions\/528"}],"wp:attachment":[{"href":"https:\/\/tomorrowmobilitysolutions.com\/fi\/wp-json\/wp\/v2\/media?parent=39"}],"curies":[{"name":"wp","href":"https:\/\/api.w.org\/{rel}","templated":true}]}}