{"id":41,"date":"2025-10-04T06:18:52","date_gmt":"2025-10-04T06:18:52","guid":{"rendered":"https:\/\/staging.tomorrowmobilitysolutions.com\/?page_id=41"},"modified":"2025-10-29T07:46:29","modified_gmt":"2025-10-29T07:46:29","slug":"what-we-do","status":"publish","type":"page","link":"https:\/\/tomorrowmobilitysolutions.com\/fi\/what-we-do\/","title":{"rendered":"What we do."},"content":{"rendered":"<div class=\"wp-block-group alignfull has-global-padding is-layout-constrained wp-container-core-group-is-layout-490fa1db wp-block-group-is-layout-constrained has-background\" style=\"padding-top:var(--wp--preset--spacing--50);padding-right:var(--wp--preset--spacing--50);padding-bottom:var(--wp--preset--spacing--50);padding-left:var(--wp--preset--spacing--50);background-image:url(&apos;https:\/\/tomorrowmobilitysolutions.com\/wp-content\/uploads\/2025\/10\/thisisengineering-uOhBxB23Wao-unsplash-Edited-Edited-scaled.png&apos;);background-position:50% 85%;background-repeat:no-repeat;background-size:800px;background-attachment:fixed;\">\n<div class=\"wp-block-group has-global-padding is-layout-constrained wp-container-core-group-is-layout-f750054b wp-block-group-is-layout-constrained\">\n<div style=\"height:23px\" aria-hidden=\"true\" class=\"wp-block-spacer\"><\/div>\n\n\n\n<div class=\"wp-block-group has-custom-color-7-background-color has-background has-global-padding is-layout-constrained wp-block-group-is-layout-constrained\" style=\"border-radius:26px\">\n<h1 class=\"wp-block-heading has-text-align-center is-style-default has-x-large-font-size\"><strong>Visiosta todeksi: Kumppaninne automatisoidussa joukkoliikenteess\u00e4<\/strong><\/h1>\n\n\n\n<p class=\"has-text-align-center\" style=\"border-radius:20px\">Autamme teit\u00e4 selviytym\u00e4\u00e4n automatisoidun liikenn\u00f6innin k\u00e4ytt\u00f6\u00f6nottoon liittyvist\u00e4 kiemuroista, jotta voitte k\u00e4ynnist\u00e4\u00e4 onnistuneita, tehokkaita ja mullistavia liikennepalveluita. Keskittymisemme t\u00e4h\u00e4n erikoisalaan takaa teille vertaansa vailla olevan asiantuntemuksen, joka muuttaa kunnianhimoiset visiot toimiviksi ratkaisuiksi.<\/p>\n<\/div>\n\n\n\n<div style=\"height:218px\" aria-hidden=\"true\" class=\"wp-block-spacer\"><\/div>\n<\/div>\n<\/div>\n\n\n\n<div class=\"wp-block-group alignfull has-base-2-color has-custom-color-5-background-color has-text-color has-background has-link-color wp-elements-cf4cc7173c237dbc0197c6c9634f1340 has-global-padding is-layout-constrained wp-container-core-group-is-layout-490fa1db wp-block-group-is-layout-constrained\" style=\"padding-top:var(--wp--preset--spacing--50);padding-right:var(--wp--preset--spacing--50);padding-bottom:var(--wp--preset--spacing--50);padding-left:var(--wp--preset--spacing--50)\">\n<div class=\"wp-block-group has-global-padding is-layout-constrained wp-block-group-is-layout-constrained\">\n<h2 class=\"wp-block-heading has-text-align-center has-base-2-color has-text-color has-link-color wp-elements-07ea21a35d90fc7c69e0739b5d3bc403\"><strong><strong>Asiakkaamme<\/strong><\/strong><\/h2>\n\n\n\n<p>Tarjoamme erityisasiantuntemusta kaupunkiliikenteen tulevaisuutta muovaaville avaintoimijoille. Ymm\u00e4rr\u00e4mme, ett\u00e4 vaikka joukkoliikenneoperaattoreilla, joukkoliikenneviranomaisilla ja kaupungeilla on yhteinen tavoite edist\u00e4\u00e4 kest\u00e4v\u00e4\u00e4 kehityst\u00e4 innovaatioiden kautta, jokaisella toimijalla on omat ainutlaatuiset haasteensa. Palvelumme ovat r\u00e4\u00e4t\u00e4l\u00f6ity vastaamaan juuri teid\u00e4n tarpeitanne.<\/p>\n<\/div>\n<\/div>\n\n\n\n<div class=\"wp-block-group alignfull has-base-background-color has-background has-global-padding is-layout-constrained wp-container-core-group-is-layout-490fa1db wp-block-group-is-layout-constrained\" style=\"padding-top:var(--wp--preset--spacing--50);padding-right:var(--wp--preset--spacing--50);padding-bottom:var(--wp--preset--spacing--50);padding-left:var(--wp--preset--spacing--50)\">\n<div class=\"wp-block-group has-global-padding is-layout-constrained wp-block-group-is-layout-constrained\">\n<h2 class=\"wp-block-heading has-text-align-center\"><strong>Mit\u00e4 me tarjoamme<\/strong><\/h2>\n\n\n\n<div style=\"height:24px\" aria-hidden=\"true\" class=\"wp-block-spacer\"><\/div>\n\n\n\n<p>Tarjoamme konsultointia automatisoidun liikkumisen saralla strategisesta ohjauksesta k\u00e4yt\u00e4nn\u00f6n toteutukseen. Palvelut toimitetaan joustavasti joko projektiluontoisesti tai tuntiperusteisesti tarpeidenne mukaan. <a data-type=\"page\" data-id=\"45\" href=\"https:\/\/tomorrowmobilitysolutions.com\/fi\/contact-us\/\"><strong>Ota yhteytt\u00e4<\/strong> <\/a>niin keskustellaan haasteistanne ja siit\u00e4, miten voimme parhaiten tukea menestyst\u00e4nne.<\/p>\n\n\n\n<p>Voitte tutustua palveluihimme segmenteitt\u00e4in alla.<\/p>\n\n\n\n<details class=\"wp-block-details has-league-spartan-font-family has-large-font-size is-layout-flow wp-block-details-is-layout-flow\"><summary><strong>Joukkoliikenneoperaattorit <\/strong><\/summary>\n<div class=\"wp-block-group has-medium-font-size has-global-padding is-layout-constrained wp-block-group-is-layout-constrained\">\n<p>Automatisoitujen palveluiden integrointi olemassa olevaan joukkoliikennej\u00e4rjestelm\u00e4\u00e4n vaatii erikoistunutta osaamista. Tarjoamme k\u00e4yt\u00e4nn\u00f6nl\u00e4heist\u00e4 operatiivista asiantuntemusta ja selkeit\u00e4, j\u00e4senneltyj\u00e4 prosesseja, jotka takaavat saumattoman k\u00e4ytt\u00f6\u00f6noton. Olemme tiiminne jatke, joka on sitoutunut varmistamaan, ett\u00e4 palvelunne toimii luotettavasti, tehokkaasti ja ett\u00e4 projektinne valmistuvat aikataulussa.<\/p>\n\n\n\n<h4 class=\"wp-block-heading\">Vaihe 1: Suunnittelu &amp; Toteutettavuus<\/h4>\n\n\n\n<ul class=\"wp-block-list\">\n<li><strong>Projektisuunnittelu:<\/strong> Laadimme kanssanne yksityiskohtaisen projektisuunnitelman, joka luo realistisen polun palvelunne k\u00e4ytt\u00f6\u00f6notolle.<\/li>\n\n\n\n<li><strong>Teknologioiden hankinta:<\/strong> Valitsemme ja hankimme teille parhaiten sopivat automatisoidut ajoneuvot ja j\u00e4rjestelm\u00e4t, jotka vastaavat teid\u00e4n operatiivisia tarpeita ja budjetteja.<\/li>\n\n\n\n<li><strong>Operatiivisen konseptin suunnittelu:<\/strong> Suunnittelemme kanssanne vankan operatiivisen mallin, joka kattaa et\u00e4valvonnan, huolto-ohjelmat, latausinfrastruktuurin ja henkil\u00f6st\u00f6n sujuvan p\u00e4ivitt\u00e4isen palvelun varmistamiseksi.<\/li>\n<\/ul>\n\n\n\n<h4 class=\"wp-block-heading\">Vaihe 2: K\u00e4ytt\u00f6\u00f6notto &amp; Lanseeraus<\/h4>\n\n\n\n<ul class=\"wp-block-list\">\n<li><strong>S\u00e4\u00e4ntely &amp; Luvat:<\/strong> Tuemme teit\u00e4 lupahakemusprosessissa ja autamme teit\u00e4 selviytym\u00e4\u00e4n s\u00e4\u00e4ntelyn monimutkaisuudesta varmistaaksemme kaikki tarvittavat luvat liikenn\u00f6inti\u00e4 varten. Meill\u00e4 on maan johtava asiantuntemus koelupien hakuun automatisoiduille ajoneuvoille.<\/li>\n\n\n\n<li><strong>K\u00e4ytt\u00f6\u00f6notto &amp; Integraatio:<\/strong> Johdamme k\u00e4ytt\u00f6\u00f6nottoa paikan p\u00e4\u00e4ll\u00e4 ajoneuvojen k\u00e4ytt\u00f6\u00f6notosta ja henkil\u00f6st\u00f6n koulutuksesta integraatioon olemassa oleviin kalustonhallinta- ja matkustajatietoj\u00e4rjestelmiin.<\/li>\n\n\n\n<li><strong>Tuki palvelun lanseerauksessa:<\/strong> Olemme mukananne paikan p\u00e4\u00e4ll\u00e4 palvelun lanseerauksen aikana, tarjoten k\u00e4yt\u00e4nn\u00f6n tukea palvelun lanseeraukseen ja haasteiden ratkaisemiseen.<\/li>\n<\/ul>\n\n\n\n<h4 class=\"wp-block-heading\">Vaihe 3: Optimointi &amp; Skaalaus<\/h4>\n\n\n\n<ul class=\"wp-block-list\">\n<li><strong>Suorituskyvyn seuranta:<\/strong> Toteutamme j\u00e4rjestelm\u00e4t avainlukujen seurantaan ja palvelun luotettavuuden ja tehokkuuden jatkuvaan parantamiseen.<\/li>\n\n\n\n<li><strong>Toiminnan tehokkuus:<\/strong> Autamme teit\u00e4 tehostamaan palvelunne toimintaa. T\u00e4h\u00e4n sis\u00e4ltyy operatiivisten strategioiden optimointi, huoltosuunnitelmien hiominen ja et\u00e4valvonnan prosessien parantaminen.<\/li>\n\n\n\n<li><strong>Skaalausstrategia:<\/strong> Kun pilottihankkeenne osoittautuu onnistuneeksi, autamme teit\u00e4 kehitt\u00e4m\u00e4\u00e4n strategian toiminnan laajentamiseksi ja automatisoidun kaluston ja palvelualueen tehokkaaksi kasvattamiseksi.<\/li>\n<\/ul>\n<\/div>\n<\/details>\n\n\n\n<details class=\"wp-block-details has-large-font-size is-layout-flow wp-block-details-is-layout-flow\"><summary><strong>Joukkoliikenneviranomaiset<\/strong><\/summary>\n<div class=\"wp-block-group has-medium-font-size has-global-padding is-layout-constrained wp-block-group-is-layout-constrained\">\n<p>Joukkoliikenneviranomaisena menestyksenne mitataan yleis\u00f6n luottamuksella ja joukkoliikennej\u00e4rjestelm\u00e4n tehokkuudella. Autamme teit\u00e4 selviytym\u00e4\u00e4n automaation strategisista ja s\u00e4\u00e4ntelyyn liittyvist\u00e4 haasteista ja varmistamaan, ett\u00e4 uudet palvelunne tuottavat konkreettista arvoa yhteiskunnalle. Tarjoamme kokonaisvaltaista tukea hankkeiden toteuttamiseen aina toteutettavuustutkimuksista kilpailutusten hallintaan.<\/p>\n\n\n\n<h4 class=\"wp-block-heading\">Vaihe 1: Strategia &amp; Toteutettavuus<\/h4>\n\n\n\n<ul class=\"wp-block-list\">\n<li><strong>Strateginen tiekartta:<\/strong> Autamme m\u00e4\u00e4rittelem\u00e4\u00e4n pitk\u00e4n aikav\u00e4lin strategisen tiekartan, joka asettaa selke\u00e4t tavoitteet ja aikataulut.<\/li>\n\n\n\n<li><strong>Haasteiden &amp; Mahdollisuuksien arviointi:<\/strong> Autamme tunnistamaan, miss\u00e4 automatisoidut liikenneratkaisut tuovat eniten arvoa.<\/li>\n\n\n\n<li><strong>Toteutettavuustutkimus:<\/strong> M\u00e4\u00e4rit\u00e4mme projektin toteutuskelpoisuuden analysoimalla kustannukset, operatiivisen toteutettavuuden ja paikallisen s\u00e4\u00e4ntelyn positiivisen lopputuloksen varmistamiseksi.<\/li>\n<\/ul>\n\n\n\n<h4 class=\"wp-block-heading\">Vaihe 2: Suunnittelu &amp; Valmistelu<\/h4>\n\n\n\n<ul class=\"wp-block-list\">\n<li><strong>Reitti- ja palvelusuunnittelu:<\/strong> Autamme teit\u00e4 valitsemaan optimaaliset reitit ja suunnittelemaan palvelun, joka integroituu saumattomasti olemassa olevaan joukkoliikennej\u00e4rjestelm\u00e4\u00e4n. Tunnemme nykyisten automatisoitujen ajoneuvoteknologioiden kyvykkyydet ja rajoittet, mik\u00e4 auttaa teit\u00e4 tekem\u00e4\u00e4n tietoon perustuvia p\u00e4\u00e4t\u00f6ksi\u00e4 parhaista k\u00e4ytt\u00f6\u00f6nottokohteista.<\/li>\n\n\n\n<li><strong>Kilpailutukset:<\/strong> Tarjoamme tukea kilpailutusprosessissa oikeiden kumppanien valinnan varmistamiseksi.<\/li>\n\n\n\n<li><strong>S\u00e4\u00e4ntely &amp; Luvat:<\/strong> Tuemme teit\u00e4 monimutkaisissa lupaprosesseissa, varmistaen sujuvan k\u00e4ytt\u00f6\u00f6noton.<\/li>\n<\/ul>\n\n\n\n<h4 class=\"wp-block-heading\">Vaihe 3: K\u00e4ytt\u00f6\u00f6notto &amp; Operointi <\/h4>\n\n\n\n<p>(Riippuen projektinne tai toimintanne luonteesta, n\u00e4m\u00e4 teht\u00e4v\u00e4t voivat kuulua my\u00f6s joukkoliikenneoperaattorille)<\/p>\n\n\n\n<ul class=\"wp-block-list\">\n<li><strong>Teknologioiden hankinta:<\/strong> Hy\u00f6dynn\u00e4mme toimialaosaamistamme auttaaksemme teit\u00e4 hankkimaan oikeat ajoneuvot ja teknologian ottaen huomioon juuri teid\u00e4n tarpeet ja budjetin.<\/li>\n\n\n\n<li><strong>K\u00e4ytt\u00f6\u00f6notto &amp; Integraatio:<\/strong> Tuemme k\u00e4ytt\u00f6\u00f6nottoa paikan p\u00e4\u00e4ll\u00e4 ajoneuvojen asetuksesta reitille ja testauksesta integraatioon olemassa oleviin j\u00e4rjestelmiin<\/li>\n\n\n\n<li><strong>Operatiivinen tuki:<\/strong> Tarjoamme jatkuvaa tukea suorituskyvyn seurantaan, kunnossapidon hallintaan ja palvelun jatkuvaan optimointiin parhaan tehokkuuden saavuttamiseksi.<\/li>\n<\/ul>\n<\/div>\n<\/details>\n\n\n\n<details class=\"wp-block-details has-league-spartan-font-family has-large-font-size is-layout-flow wp-block-details-is-layout-flow\"><summary><strong>Kaupungit <\/strong><\/summary>\n<div class=\"wp-block-group has-medium-font-size has-global-padding is-layout-constrained wp-block-group-is-layout-constrained\">\n<p>Autamme teit\u00e4 saavuttamaan kest\u00e4v\u00e4n liikkumisen tavoitteenne: Luomme yhdess\u00e4 kanssanne automatisoidun liikkumisen strategian, joka tukee teid\u00e4n kest\u00e4v\u00e4n kaupunkiliikenteen suunnitelmaanne (SUMP). Tarjoamme asiantuntijaohjausta, jotta voitte varmistua siit\u00e4, ett\u00e4 hankkeenne v\u00e4hent\u00e4v\u00e4t p\u00e4\u00e4st\u00f6j\u00e4, ratkaisevat ensimm\u00e4isen ja viimeisen kilometrin ongelman ja edist\u00e4v\u00e4t siirtymist\u00e4 joukkoliikenteeseen.<\/p>\n\n\n\n<h4 class=\"wp-block-heading\">Paketti 1: Visio &amp; Strategia<\/h4>\n\n\n\n<ul class=\"wp-block-list\">\n<li><strong>Ongelmanratkaisu &amp; Tavoitteiden yhdenmukaistaminen:<\/strong> Autamme teit\u00e4 kohdistamaan automatisoidut joukkoliikenneratkaisut vastaamaan kaupunkinne ydintavoitteita, kuten ruuhkien v\u00e4hent\u00e4mist\u00e4, ilmanlaadun parantamista ja asukkaiden el\u00e4m\u00e4nlaadun kohentamista.<\/li>\n\n\n\n<li><strong>SUMP-integraatio:<\/strong> Tarjoamme asiantuntijuutta automatisoidun liikkumisen integroimiseksi kest\u00e4v\u00e4n kaupunkiliikenteen suunnitelmaanne (SUMP). Osoitamme, miten n\u00e4m\u00e4 ratkaisut voivat suoraan edist\u00e4\u00e4 keskeisten tavoitteiden saavuttamista, kuten p\u00e4\u00e4st\u00f6jen v\u00e4hent\u00e4mist\u00e4, \u2018ensimm\u00e4isen ja viimeisen kilometrin\u2019 ongelman ratkaisemista ja siirtymist\u00e4 yksityisautoilusta jaettuun joukkoliikenteeseen.<\/li>\n\n\n\n<li><strong>Strateginen tiekartta:<\/strong> Autamme teit\u00e4 luomaan kaupunginlaajuisen Automatisoidun Liikenteen tiekartan, joka priorisoi vaikuttavimmat k\u00e4ytt\u00f6tapaukset, asettaa realistiset aikataulut ja luo selke\u00e4n polun konseptista onnistuneeseen toteutukseen.<\/li>\n<\/ul>\n\n\n\n<h4 class=\"wp-block-heading\">Paketti 2: Kaupunki-integraatio &amp; Suunnittelu<\/h4>\n\n\n\n<ul class=\"wp-block-list\">\n<li><strong>Kaupunki- ja infrastruktuurisuunnittelu:<\/strong> Konsultoimme kaupunkinne infrastruktuurin valmistelussa automatisoituja palveluita varten, neuvoen katujen suunnittelussa, digitaalisessa liitett\u00e4vyydess\u00e4 ja maank\u00e4yt\u00f6ss\u00e4 uuden teknologian hy\u00f6tyjen maksimoimiseksi.<\/li>\n\n\n\n<li><strong>Sidosryhm\u00e4yhteisty\u00f6 &amp; kumppanuusmallit:<\/strong> Rakennamme tehokkaita julkisen ja yksityisen sektorin kumppanuusmalleja ja sidosryhmien yhteisty\u00f6kehyksi\u00e4 varmistaaksemme, ett\u00e4 kaikki osapuolet ty\u00f6skentelev\u00e4t yhteisen vision eteen.<\/li>\n\n\n\n<li><strong>Toimintamallit &amp; s\u00e4\u00e4ntelykehys:<\/strong> Autamme teit\u00e4 kehitt\u00e4m\u00e4\u00e4n tukevan paikallisen toimintaymp\u00e4rist\u00f6n ja s\u00e4\u00e4ntelykehyksen, joka varmistaa, ett\u00e4 uudet liikkumispalvelut otetaan k\u00e4ytt\u00f6\u00f6n turvallisesti, oikeudenmukaisesti ja kaupunkinne s\u00e4\u00e4nn\u00f6sten mukaisesti.<\/li>\n<\/ul>\n\n\n\n<h4 class=\"wp-block-heading\">Paketti 3: Pilotointi &amp; Skaalaus<\/h4>\n\n\n\n<ul class=\"wp-block-list\">\n<li><strong>Pilottiprojektien suunnittelu:<\/strong> Autamme teit\u00e4 suunnittelemaan ja j\u00e4sent\u00e4m\u00e4\u00e4n pilottiprojekteja, jotka on kohdennettu ratkaisemaan tiettyj\u00e4 paikallisia ongelmia ja tuottamaan mitattavia tuloksia.<\/li>\n\n\n\n<li><strong>Julkisen rahoituksen strategia:<\/strong> Tarjoamme asiantuntijatukea julkisen rahoituksen tunnistamisessa ja hankkimisessa pilottiprojektienne mahdollistamiseksi.<\/li>\n\n\n\n<li><strong>Kaupunginlaajuinen skaalaussuunnitelma:<\/strong> Onnistuneista piloteista saatujen tietojen ja oivallusten avulla autamme teit\u00e4 kehitt\u00e4m\u00e4\u00e4n pitk\u00e4n aikav\u00e4lin strategian automatisoitujen liikkumispalveluiden laajentamiseksi koko kaupungin alueelle.<\/li>\n<\/ul>\n<\/div>\n<\/details>\n<\/div>\n<\/div>\n\n\n\n<div class=\"wp-block-group alignfull has-base-2-color has-custom-color-5-background-color has-text-color has-background has-link-color wp-elements-6cc9be40fe00a8b20387fa0dad735398 has-global-padding is-layout-constrained wp-container-core-group-is-layout-490fa1db wp-block-group-is-layout-constrained\" style=\"padding-top:var(--wp--preset--spacing--50);padding-right:var(--wp--preset--spacing--50);padding-bottom:var(--wp--preset--spacing--50);padding-left:var(--wp--preset--spacing--50)\">\n<div class=\"wp-block-group has-global-padding is-layout-constrained wp-block-group-is-layout-constrained\">\n<h2 class=\"wp-block-heading has-text-align-center has-base-2-color has-text-color has-link-color wp-elements-0989aa7537bf40b47f79eb8e680218f9\"><strong><strong>Oletteko valmiita muovaamaan tulevaisuuden liikkumista?<\/strong><\/strong><\/h2>\n\n\n\n<p>Matka kohti automatisoitua liikkumista voi olla haastava, mutta teid\u00e4n ei tarvitse kulkea sit\u00e4 yksin. Olipa kyseess\u00e4 ensimm\u00e4iset tunnustelevat askeleet tai olette valmiita skaalaamaan onnistunutta pilottia, asiantuntemuksemme tarjoaa tarvitsemanne selkeyden ja varmuuden.<\/p>\n\n\n\n<div class=\"wp-block-buttons is-layout-flex wp-block-buttons-is-layout-flex\">\n<div class=\"wp-block-button is-style-outline is-style-outline--1\"><a class=\"wp-block-button__link wp-element-button\" href=\"https:\/\/tomorrowmobilitysolutions.com\/fi\/contact-us\/\" style=\"border-width:2px\">Varaa aika konsultaatioon<\/a><\/div>\n<\/div>\n<\/div>\n<\/div>","protected":false},"excerpt":{"rendered":"<p>From Vision to Reality: Your Partner in Automated Mobility We navigate the complexities of automated mobility so you can launch successful, efficient, and transformative transport solutions. Our exclusive focus on this niche ensures you get unparalleled expertise, turning ambitious plans into operational reality. Who We Work With We provide specialized consulting for the key entities [&hellip;]<\/p>\n","protected":false},"author":1,"featured_media":0,"parent":0,"menu_order":0,"comment_status":"closed","ping_status":"closed","template":"","meta":{"footnotes":""},"class_list":["post-41","page","type-page","status-publish","hentry"],"aioseo_notices":[],"_links":{"self":[{"href":"https:\/\/tomorrowmobilitysolutions.com\/fi\/wp-json\/wp\/v2\/pages\/41","targetHints":{"allow":["GET"]}}],"collection":[{"href":"https:\/\/tomorrowmobilitysolutions.com\/fi\/wp-json\/wp\/v2\/pages"}],"about":[{"href":"https:\/\/tomorrowmobilitysolutions.com\/fi\/wp-json\/wp\/v2\/types\/page"}],"author":[{"embeddable":true,"href":"https:\/\/tomorrowmobilitysolutions.com\/fi\/wp-json\/wp\/v2\/users\/1"}],"replies":[{"embeddable":true,"href":"https:\/\/tomorrowmobilitysolutions.com\/fi\/wp-json\/wp\/v2\/comments?post=41"}],"version-history":[{"count":70,"href":"https:\/\/tomorrowmobilitysolutions.com\/fi\/wp-json\/wp\/v2\/pages\/41\/revisions"}],"predecessor-version":[{"id":480,"href":"https:\/\/tomorrowmobilitysolutions.com\/fi\/wp-json\/wp\/v2\/pages\/41\/revisions\/480"}],"wp:attachment":[{"href":"https:\/\/tomorrowmobilitysolutions.com\/fi\/wp-json\/wp\/v2\/media?parent=41"}],"curies":[{"name":"wp","href":"https:\/\/api.w.org\/{rel}","templated":true}]}}