{"id":43,"date":"2025-10-04T06:19:30","date_gmt":"2025-10-04T06:19:30","guid":{"rendered":"https:\/\/staging.tomorrowmobilitysolutions.com\/?page_id=43"},"modified":"2025-10-12T16:53:52","modified_gmt":"2025-10-12T16:53:52","slug":"insights","status":"publish","type":"page","link":"https:\/\/tomorrowmobilitysolutions.com\/fi\/insights\/","title":{"rendered":"Insights."},"content":{"rendered":"<div class=\"wp-block-group alignfull has-global-padding is-layout-constrained wp-container-core-group-is-layout-490fa1db wp-block-group-is-layout-constrained has-background\" style=\"padding-top:var(--wp--preset--spacing--50);padding-right:var(--wp--preset--spacing--50);padding-bottom:var(--wp--preset--spacing--50);padding-left:var(--wp--preset--spacing--50);background-image:url(&apos;https:\/\/tomorrowmobilitysolutions.com\/wp-content\/uploads\/2025\/10\/junior-ferreira-7esRPTt38nI-unsplash-scaled.jpg&apos;);background-position:50% 10%;background-size:cover;background-attachment:fixed;\">\n<div class=\"wp-block-group has-custom-color-8-background-color has-background has-global-padding is-layout-constrained wp-container-core-group-is-layout-f750054b wp-block-group-is-layout-constrained\" style=\"border-radius:29px\">\n<h1 class=\"wp-block-heading has-text-align-center is-style-default has-x-large-font-size\" style=\"padding-top:var(--wp--preset--spacing--10);padding-bottom:var(--wp--preset--spacing--10)\">Vauhtia liikenteen murrokseen<\/h1>\n\n\n\n<p class=\"has-text-align-center\" style=\"padding-right:var(--wp--preset--spacing--10);padding-left:var(--wp--preset--spacing--10)\">Mit\u00e4 automatisoidun liikenn\u00f6innin onnistunut k\u00e4ytt\u00f6\u00f6notto todella vaatii? Pelkk\u00e4 uusien ajoneuvojen hankkiminen ei riit\u00e4. Tarvitaan syv\u00e4llist\u00e4 ymm\u00e4rryst\u00e4 niiden teknisist\u00e4, taloudellisista ja toiminnallisista ominaisuuksista sek\u00e4 uuden tyyppisen j\u00e4rjestelm\u00e4n vaikutuksista. Tarjoamme faktapohjaista tietoa, jonka avulla teet strategisesti kest\u00e4vi\u00e4 p\u00e4\u00e4t\u00f6ksi\u00e4 ja v\u00e4lt\u00e4t kalliit virheet.<\/p>\n\n\n\n<h4 class=\"wp-block-heading has-text-align-center\" style=\"padding-top:var(--wp--preset--spacing--10);padding-bottom:var(--wp--preset--spacing--10)\">Asiantuntijakatsaus<\/h4>\n\n\n\n<p class=\"has-text-align-center\" style=\"padding-right:var(--wp--preset--spacing--10);padding-left:var(--wp--preset--spacing--10)\">T\u00e4lt\u00e4 sivulta l\u00f6yd\u00e4t perustietoa automatisoidusta liikenn\u00f6innist\u00e4 ja siit\u00e4, miten sen avulla voidaan ratkaista haasteitasi. <\/p>\n\n\n\n<p class=\"has-text-align-center\" style=\"padding-top:0;padding-right:var(--wp--preset--spacing--10);padding-bottom:0;padding-left:var(--wp--preset--spacing--10)\">T\u00e4m\u00e4 on kuitenkin vasta pintaraapaisu automatisoituun liikenn\u00f6intiin. Jos haluat ymm\u00e4rt\u00e4\u00e4, miten n\u00e4m\u00e4 periaatteet soveltuvat juuri teid\u00e4n haasteisiin ja kuinka rakennetaan onnistunut k\u00e4ytt\u00f6\u00f6notosuunnitelma <strong><a href=\"https:\/\/tomorrowmobilitysolutions.com\/fi\/contact-us\/\" data-type=\"page\" data-id=\"45\">varaa tapaaminen meid\u00e4n kanssa <\/a><\/strong><\/p>\n\n\n\n<div style=\"height:25px\" aria-hidden=\"true\" class=\"wp-block-spacer\"><\/div>\n\n\n\n<div style=\"height:25px\" aria-hidden=\"true\" class=\"wp-block-spacer\"><\/div>\n<\/div>\n<\/div>\n\n\n\n<div class=\"wp-block-group alignfull has-base-2-background-color has-background has-global-padding is-layout-constrained wp-container-core-group-is-layout-490fa1db wp-block-group-is-layout-constrained\" style=\"padding-top:var(--wp--preset--spacing--50);padding-right:var(--wp--preset--spacing--50);padding-bottom:var(--wp--preset--spacing--50);padding-left:var(--wp--preset--spacing--50)\">\n<div class=\"wp-block-group has-global-padding is-layout-constrained wp-container-core-group-is-layout-f750054b wp-block-group-is-layout-constrained\">\n<details class=\"wp-block-details is-style-arrow-icon-details has-large-font-size is-layout-flow wp-block-details-is-layout-flow\"><summary><strong>Mit\u00e4 automatisoitu liikkuminen on? <\/strong><\/summary>\n<div class=\"wp-block-group has-global-padding is-layout-constrained wp-container-core-group-is-layout-f750054b wp-block-group-is-layout-constrained\">\n<p class=\"has-text-align-left has-medium-font-size\">\"Automatisoitu ajaminen\" tarkoittaa edistyneen tietokonej\u00e4rjestelm\u00e4n hy\u00f6dynt\u00e4mist\u00e4 ajoneuvon ohjaamisessa. Vaikka n\u00e4it\u00e4 ajoneuvoja kutsutaan usein \"autonomisiksi\" tai \"itseajaviksi\", termi \"automatisoitu ajoneuvo\" on n\u00e4it\u00e4 termej\u00e4 t\u00e4sm\u00e4llisempi. T\u00e4m\u00e4 johtuu siit\u00e4, ett\u00e4 teknologia  automatisoi ainoastaan itse ajoteht\u00e4v\u00e4n; se ei tee ajoneuvosta t\u00e4ysin itsen\u00e4ist\u00e4, eli autonomista.\n\nK\u00e4yt\u00e4nn\u00f6ss\u00e4 teknologia j\u00e4ljittelee ihmiskuljettajan toimintaa: se havainnoi ja tulkitsee ymp\u00e4rist\u00f6\u00e4 ja tekee ohjausliikkeet t\u00e4m\u00e4n tiedon perusteella. On olennaista ymm\u00e4rt\u00e4\u00e4, ett\u00e4 vaikka ajoneuvossa ei en\u00e4\u00e4 olisikaan ihmiskuljettajaa, jokaisen automatisoidun ajoneuvon on oltava jatkuvan valvonnan alaisena.\n\nAutomatisoitu liikenn\u00f6inti kuvaa toimintaa, jossa liikennepalveluiden tuottamiseen k\u00e4ytet\u00e4\u00e4n automatisoituja ajoneuvoja.<\/p>\n\n\n\n<div style=\"height:25px\" aria-hidden=\"true\" class=\"wp-block-spacer\"><\/div>\n\n\n\n<p class=\"has-medium-font-size\">Automatisoitua ajamista voidaan hy\u00f6dynt\u00e4\u00e4 monessa eri k\u00e4ytt\u00f6kohteessa, kuten pakettiroboteissa, robottitakseissa ja automatisoiduissa busseissa. Eri puolilla maailmaa on keskitytty teknologian kehitt\u00e4miseen eri k\u00e4ytt\u00f6tarkoituksia varten. Esimerkiksi Yhdysvalloissa kehitys on keskittynyt robottitakseihin, joissa Waymon ja Zooxin kaltaiset yritykset ovat edell\u00e4k\u00e4vij\u00f6it\u00e4 laajamittaisissa k\u00e4ytt\u00f6\u00f6notoissa.<\/p>\n\n\n\n<div style=\"height:25px\" aria-hidden=\"true\" class=\"wp-block-spacer\"><\/div>\n\n\n\n<p class=\"has-medium-font-size\">Euroopassa painopiste on ollut automatisoitujen ajoneuvojen kehitt\u00e4misess\u00e4 julkisen liikenteen k\u00e4ytt\u00f6kohteisiin. N\u00e4iden sovellusten n\u00e4hd\u00e4\u00e4n olevan tehokas tapa v\u00e4hent\u00e4\u00e4 p\u00e4\u00e4st\u00f6j\u00e4 ja ajoneuvojen kokonaism\u00e4\u00e4r\u00e4\u00e4 teill\u00e4, mik\u00e4 tekee niist\u00e4 ymp\u00e4rist\u00f6yst\u00e4v\u00e4llisemm\u00e4n vaihtoehdon robottitakseihin verrattuna. Aasiassa on puolestaan omaksuttu hybridimalli, jossa automatisoituja ajoj\u00e4rjestelmi\u00e4 on otettu k\u00e4ytt\u00f6\u00f6n sek\u00e4 takseissa ett\u00e4 pieniss\u00e4 busseissa.<\/p>\n<\/div>\n<\/details>\n\n\n\n<details class=\"wp-block-details is-style-arrow-icon-details has-large-font-size is-layout-flow wp-block-details-is-layout-flow\"><summary><strong>Ajoautomaation SAE tasot<\/strong><\/summary>\n<div class=\"wp-block-group has-medium-font-size has-global-padding is-layout-constrained wp-container-core-group-is-layout-f750054b wp-block-group-is-layout-constrained\">\n<p class=\"has-medium-font-size\">SAE International on luonut J3016-standardin tuodakseen yhteisen sanaston automatisoitujen ajoneuvojen sektorille. Se on my\u00f6s alan yleisimmin viitattu l\u00e4hde. Standardi m\u00e4\u00e4rittelee kuusi tasoa ajoneuvojen ajoautomaatiolle, tasolta 0 (ei automaatiota) tasolle 5 (t\u00e4ysi automaatio).<\/p>\n\n\n\n<p>Yksi keskeisimpi\u00e4 eroja tasojen v\u00e4lill\u00e4 on jako kuljettajaa tukeviin j\u00e4rjestelmiin ja automatisoituihin ajoj\u00e4rjestelmiin.<\/p>\n\n\n\n<div style=\"height:25px\" aria-hidden=\"true\" class=\"wp-block-spacer\"><\/div>\n\n\n\n<ul class=\"wp-block-list\">\n<li>Tasot 0\u20132 ovat kuljettajaa tukevia j\u00e4rjestelmi\u00e4. N\u00e4ill\u00e4 tasoilla ihmiskuljettaja vastaa jatkuvasti ajoteht\u00e4v\u00e4n suorittamisesta ja valvonnasta, vaikka j\u00e4rjestelm\u00e4 avustaisikin h\u00e4nt\u00e4. N\u00e4iss\u00e4 kuljettajaa tukevissa j\u00e4rjestelmiss\u00e4 kuljettaja on aina vastuussa ajamisesta.<\/li>\n\n\n\n<li>Tasot 3\u20135 ovat automatisoituja ajoj\u00e4rjestelmi\u00e4. N\u00e4ill\u00e4 tasoilla teknologia suorittaa koko ajoteht\u00e4v\u00e4n itsen\u00e4isesti, kun j\u00e4rjestelm\u00e4 on aktivoitu. T\u00e4ll\u00f6in ajoneuvossa olijaa ei pidet\u00e4 kuljettajana, vaikka h\u00e4n istuisi kuljettajan paikalla.<\/li>\n<\/ul>\n\n\n\n<div style=\"height:25px\" aria-hidden=\"true\" class=\"wp-block-spacer\"><\/div>\n\n\n\n<p class=\"has-medium-font-size\">Kun puhutaan julkisen liikenteen ja kaupallisen toiminnan automatisoiduista ajoneuvoista, keskityt\u00e4\u00e4n tyypillisesti korkeampiin automaatiotasoihin, eli erityisesti tasoihin 4 ja 5.<\/p>\n\n\n\n<div style=\"height:25px\" aria-hidden=\"true\" class=\"wp-block-spacer\"><\/div>\n\n\n\n<p class=\"has-medium-font-size\">Taso 4 on ensimm\u00e4inen taso, joka ei vaadi ihmiskuljettajalta v\u00e4lit\u00f6nt\u00e4 mahdollisuutta puuttua ajamiseen, mik\u00e4 mahdollistaa kuljettajan poistamisen ajoneuvosta kokonaan. Koska ajoneuvot eiv\u00e4t kuitenkaan ole t\u00e4ysin itsen\u00e4isi\u00e4, niiden toimintaa valvoo et\u00e4operaattori. Korvaamalla kuljettajan yhdell\u00e4 et\u00e4operaattorilla toimintaa voidaan skaalata ilman, ett\u00e4 kustannukset kasvavat suorassa suhteessa ajoneuvojen m\u00e4\u00e4r\u00e4\u00e4n, sill\u00e4 yksi operaattori voi valvoa useita ajoneuvoja. Valvottavien ajoneuvojen tarkka m\u00e4\u00e4r\u00e4 on tapauskohtaista, mutta yleisen k\u00e4sityksen mukaan kahden hengen tiimi voi valvoa 10\u201315 ajoneuvoa samanaikaisesti tietyiss\u00e4 olosuhteissa.<\/p>\n\n\n\n<div style=\"height:25px\" aria-hidden=\"true\" class=\"wp-block-spacer\"><\/div>\n\n\n\n<p class=\"has-medium-font-size\">Keskustellessa automatisoidusta joukkoliikenteest\u00e4 on t\u00e4rke\u00e4\u00e4 erottaa toisistaan kaksi korkeinta automaatiotasoa. Tason 5 ajoneuvo voisi teoriassa toimia miss\u00e4 tahansa olosuhteissa, joissa ajokortin omaava ihminenkin voisi ajaa. Tason 4 ajoneuvoa sen sijaan rajoittaa sen sunniteltu toimintaymp\u00e4rist\u00f6, jota k\u00e4sitell\u00e4\u00e4n seuraavassa osiossa. Suurin osa automatisoituja ajoj\u00e4rjestelmi\u00e4 kehitt\u00e4vist\u00e4 yrityksist\u00e4 keskittyy t\u00e4ll\u00e4 hetkell\u00e4 tason 4 j\u00e4rjestelmiin, sill\u00e4 tason 5 saavuttamista ei pidet\u00e4 realistisena viel\u00e4 l\u00e4hitulevaisuudessa.<\/p>\n\n\n\n<div style=\"height:25px\" aria-hidden=\"true\" class=\"wp-block-spacer\"><\/div>\n\n\n\n<figure class=\"wp-block-image size-full is-resized\"><img loading=\"lazy\" decoding=\"async\" width=\"1500\" height=\"510\" src=\"https:\/\/tomorrowmobilitysolutions.com\/wp-content\/uploads\/2025\/10\/SAE_levels_2.png\" alt=\"\" class=\"wp-image-242\" style=\"width:620px;height:auto\" srcset=\"https:\/\/tomorrowmobilitysolutions.com\/wp-content\/uploads\/2025\/10\/SAE_levels_2.png 1500w, https:\/\/tomorrowmobilitysolutions.com\/wp-content\/uploads\/2025\/10\/SAE_levels_2-300x102.png 300w, https:\/\/tomorrowmobilitysolutions.com\/wp-content\/uploads\/2025\/10\/SAE_levels_2-1024x348.png 1024w, https:\/\/tomorrowmobilitysolutions.com\/wp-content\/uploads\/2025\/10\/SAE_levels_2-768x261.png 768w\" sizes=\"auto, (max-width: 1500px) 100vw, 1500px\" \/><\/figure>\n\n\n\n<div style=\"height:20px\" aria-hidden=\"true\" class=\"wp-block-spacer\"><\/div>\n<\/div>\n<\/details>\n\n\n\n<details class=\"wp-block-details is-style-arrow-icon-details has-large-font-size is-layout-flow wp-block-details-is-layout-flow\"><summary><strong>Suunniteltu k\u00e4ytt\u00f6ymp\u00e4rist\u00f6 <\/strong><\/summary>\n<div class=\"wp-block-group has-medium-font-size has-global-padding is-layout-constrained wp-block-group-is-layout-constrained\">\n<p class=\"has-medium-font-size\">Keskustelu automatisoitujen ajoneuvojen teknisist\u00e4 kyvykkyyksist\u00e4 keskittyy usein pelkk\u00e4\u00e4n SAE-automaatiotasoon, eli siihen, \"miten\" ajoneuvoa voidaan operoida (esim. tason 4 j\u00e4rjestelm\u00e4ll\u00e4 olevaa ajoneuvoa voidaan operoida ilman l\u00e4sn\u00e4 olevaa kuljettajaa).<\/p>\n\n\n\n<p>Vaikka SAE-taso on t\u00e4rke\u00e4 perusta, se kuvaa vain yht\u00e4 puolta j\u00e4rjestelm\u00e4n toiminnasta. Aivan liian usein unohdetaan suunniteltu k\u00e4ytt\u00f6ymp\u00e4rist\u00f6, joka m\u00e4\u00e4rittelee ne olosuhteiden rajat, joiden sis\u00e4ll\u00e4 j\u00e4rjestelm\u00e4 on suunniteltu toimivan turvallisesti.<\/p>\n\n\n\n<h4 class=\"wp-block-heading\">Suunniteltu k\u00e4ytt\u00f6ymp\u00e4rist\u00f6 m\u00e4\u00e4rittelee, miss\u00e4 automatisoitua ajoj\u00e4rjestelm\u00e4\u00e4 voi k\u00e4ytt\u00e4\u00e4 <\/h4>\n\n\n\n<p>Ymm\u00e4rt\u00e4\u00e4ksemme automatisoitujen ajoneuvojen todelliset kyvykkyydet, on vastattava kysymykseen: \"Miss\u00e4\" tai \"miss\u00e4 olosuhteissa\" automatisoitu ajoj\u00e4rjestelm\u00e4 voi toimia oikein ja  turvallisesti.<\/p>\n\n\n\n<p>T\u00e4t\u00e4 kuvaa suunniteltu k\u00e4ytt\u00f6ymp\u00e4rist\u00f6 (josta k\u00e4ytet\u00e4\u00e4n usein my\u00f6s enganninkielisen termin Operational Design Domain lyhennett\u00e4 ODD). Se on tekninen kuvaus niist\u00e4 ymp\u00e4rist\u00f6- ja k\u00e4ytt\u00f6olosuhteista, joissa automatisoitu ajoj\u00e4rjestelm\u00e4 on suunniteltu toimimaan.<\/p>\n\n\n\n<p>ODD kuvaa sit\u00e4, mit\u00e4 elementtej\u00e4 ajoneuvon l\u00e4heisyydess\u00e4 voi olla l\u00e4sn\u00e4 (tai mit\u00e4 sielt\u00e4 voi puuttua) ja miss\u00e4 ymp\u00e4rist\u00f6n olosuhteissa ajoneuvo on suunniteltu toimimaan turvallisesti. N\u00e4m\u00e4 elementit luokitellaan karkeasti seuraavasti:<\/p>\n\n\n\n<ul class=\"wp-block-list\">\n<li>Staattiset elementit (tien tyyppi, kaistojen konfiguraatio ja l\u00e4heiset rakennukset)<\/li>\n\n\n\n<li>Dynaamiset elementit (muut ajoneuvot, ihmiset ja muut haavoittuvat tienk\u00e4ytt\u00e4j\u00e4t yms.)<\/li>\n\n\n\n<li>Ymp\u00e4rist\u00f6olosuhteet: (sade, lumisade, tien pinta, valoisuus yms.)<\/li>\n<\/ul>\n\n\n\n<h4 class=\"wp-block-heading\">Yksityskohdat, jotka ratkaisevat joukkoliikenteess\u00e4<\/h4>\n\n\n\n<p>Julkisen liikenteen operaattorille automatisoidun ajoneuvon hankinta on usein sitoumus luotettavan palvelun tuottamisesta. Oikean teknologiavalinnan tekeminen on t\u00e4m\u00e4n sitoumuksen lunastamisen edellytys. P\u00e4\u00e4t\u00f6ksenteon tueksi on ymm\u00e4rrett\u00e4v\u00e4 ajoneuvon kyvykkyydet yksityiskohtaisesti, jotta voidaan varmistaa, ett\u00e4 se vastaa suunniteltua k\u00e4ytt\u00f6tapausta, ymp\u00e4rist\u00f6\u00e4 ja asiakastarpeita.<\/p>\n\n\n\n<p>K\u00e4ytt\u00f6kelpoinen ODD kuvauuksen on oltava hyvin tarkka. Sen on kuvailtava yksityiskohtaisesi niit\u00e4 paramatreja, joiden sis\u00e4ll\u00e4 ajoneuvoa voidaan operoida. Tyypillisesti hyv\u00e4 kuvaus sis\u00e4lt\u00e4\u00e4 jopa satoja mitattavia parametreja. Esimerksiksi:<\/p>\n\n\n\n<ul class=\"wp-block-list\">\n<li>Maksimi vesisateen intensiteetti (xx mm\/tunti)<\/li>\n\n\n\n<li>Olosuhteet tien pinnassa (Maksimi lumen syvyys, saako tienpinta olla j\u00e4\u00e4ss\u00e4?<\/li>\n\n\n\n<li>Infrastruktuuri: Tuetut risteystyypit (esim. tyypit X, Y ja Z); V\u00e4himm\u00e4iskaistanleveys tai ajettava alue (XX metri\u00e4).<\/li>\n<\/ul>\n\n\n\n<p class=\"has-medium-font-size\">SAE-taso kertoo ostajalle, miten ajoneuvoa operoidaan; ODD kertoo, miss\u00e4 se voi tuottaa luvatun palvelun. ODD:n ymm\u00e4rt\u00e4minen on v\u00e4ltt\u00e4m\u00e4t\u00f6nt\u00e4 turvallisten ja onnistuneiden k\u00e4ytt\u00f6\u00f6nottojen varmistamiseksi. <\/p>\n<\/div>\n<\/details>\n\n\n\n<details class=\"wp-block-details is-style-arrow-icon-details has-large-font-size is-layout-flow wp-block-details-is-layout-flow\"><summary><strong>Automatisoidun joukkoliikenteen hy\u00f6dyt<\/strong><\/summary>\n<div class=\"wp-block-group has-global-padding is-layout-constrained wp-container-core-group-is-layout-f750054b wp-block-group-is-layout-constrained\">\n<p class=\"has-text-align-left has-medium-font-size\">Automatisoitujen ajoneuvojen k\u00e4ytt\u00f6\u00f6notto ei ole pelkk\u00e4 tekninen p\u00e4ivitys; se voi tarjota perustavanlaatuisen ratkaisun moniin julkisen liikenteen pitk\u00e4aikaisiin haasteisiin. Oikein toteutettuna automatisoitu liikenne voi tuoda kolme keskeist\u00e4 etua: paremman taloudellisen kannattavuuden, ratkaisun kuljettajapulaan ja paremman palvelutason.<\/p>\n\n\n\n<div style=\"height:40px\" aria-hidden=\"true\" class=\"wp-block-spacer\"><\/div>\n\n\n\n<div class=\"wp-block-group has-global-padding is-layout-constrained wp-block-group-is-layout-constrained\">\n<h3 class=\"wp-block-heading\">Taloudellinen kannattavuus ja kaluston k\u00e4ytt\u00f6asteen optimointi <\/h3>\n\n\n\n<p class=\"has-medium-font-size\">Taloudellisen kannattavuuden parantaminen edellytt\u00e4\u00e4 puuttumista suoraan julkisen liikenteen keskeisiin kustannustekij\u00f6ihin: ajoneuvojen k\u00e4ytt\u00f6asteen maksimointiin ja korkeiden ty\u00f6voimakustannusten minimointiin.<\/p>\n\n\n\n<ul class=\"wp-block-list has-medium-font-size\">\n<li><strong>Matalammat k\u00e4ytt\u00f6kustannukset:<\/strong> Merkitt\u00e4vin pitk\u00e4n aikav\u00e4lin s\u00e4\u00e4st\u00f6 syntyy kuljettajan palkan poistumisesta, joka voi olla jopa 70 % palvelun kokonaiskustannuksista. T\u00e4m\u00e4 korvautuu osittain teknologian ja et\u00e4valvonnan kustannuksilla, mutta skaalautuessaan automatisoitu operointi voi v\u00e4hent\u00e4\u00e4 kustannuksia merkitt\u00e4v\u00e4sti.<\/li>\n\n\n\n<li><strong>Optimoitu kaluston k\u00e4ytt\u00f6aste:<\/strong> Automatisoidut ajoneuvot voivat toimia joustavammin ja pidempi\u00e4 aikoja ilman lakis\u00e4\u00e4teisi\u00e4 taukoja ja ty\u00f6vuororajoituksia. T\u00e4m\u00e4 lis\u00e4\u00e4 kaluston k\u00e4ytt\u00f6astetta ja parantaa palvelun yleist\u00e4 saatavuutta.<\/li>\n<\/ul>\n<\/div>\n\n\n\n<div style=\"height:20px\" aria-hidden=\"true\" class=\"wp-block-spacer\"><\/div>\n\n\n\n<div class=\"wp-block-group has-global-padding is-layout-constrained wp-block-group-is-layout-constrained\">\n<h3 class=\"wp-block-heading\">Ratkaisu kuljettajapulaan<\/h3>\n\n\n\n<p class=\"has-medium-font-size\">Julkisen liikenteen ala k\u00e4rsii maailmanlaajuisesti kiihtyv\u00e4st\u00e4 p\u00e4tevien kuljettajien pulasta, joka johtuu muun muassa ty\u00f6voiman ik\u00e4\u00e4ntymisest\u00e4, korkeista koulutuskustannuksista ja kilpailluista ty\u00f6markkinoista. Raportit kertovat huolestuttavista luvuista; esimerkiksi IRU (Kansainv\u00e4linen maantiekuljetusliitto) arvioi Euroopassa olevan yli 100 000 t\u00e4ytt\u00e4m\u00e4t\u00f6nt\u00e4 linja-autonkuljettajan paikkaa, ja luvun ennustetaan viel\u00e4 kasvavan huomattavasti. Siirtym\u00e4ll\u00e4 \"yksi kuljettaja per ajoneuvo\" -mallista \"yksi et\u00e4valvoja usealle ajoneuvolle\" -malliin automaatio v\u00e4hent\u00e4\u00e4 riippuvuutta henkil\u00f6resursseista. T\u00e4m\u00e4 strateginen muutos takaa palvelun jatkuvuuden ja antaa operaattoreille mahdollisuuden skaalata kalustoaan kysynn\u00e4n mukaan sen sijaan, ett\u00e4 heit\u00e4 rajoittaisi k\u00e4ytett\u00e4viss\u00e4 oleva henkil\u00f6st\u00f6.<\/p>\n\n\n\n<p class=\"has-medium-font-size\">Laskemalla palvelun tarjoamisen kustannuksia ja v\u00e4hent\u00e4m\u00e4ll\u00e4 riippuvuutta kuljettajista, automatisoidut ajoneuvot voivat mahdollistaa joukkoliikenneverkostojen laajentamisen erityisesti alipalveltuille alueille.<\/p>\n<\/div>\n\n\n\n<div style=\"height:20px\" aria-hidden=\"true\" class=\"wp-block-spacer\"><\/div>\n\n\n\n<div class=\"wp-block-group has-global-padding is-layout-constrained wp-block-group-is-layout-constrained\">\n<h3 class=\"wp-block-heading\">Parempi palvelutaso ja saavutettavuus<\/h3>\n\n\n\n<ul class=\"wp-block-list has-medium-font-size\">\n<li><strong>Ensimm\u00e4isen ja viimeisen kilometrin yhteydet:<\/strong> Pienet automatisoidut bussit voivat tehokkaasti yhdist\u00e4\u00e4 asuin- ja liikealueita suuriin liikenteen solmukohtiin, kuten juna- ja metroasemiin. T\u00e4m\u00e4 ratkaisee \"ensimm\u00e4isen ja viimeisen kilometrin\" ongelman, tehden julkisesta liikenteest\u00e4 houkuttelevamman ja kannattavamman vaihtoehdon yksityisautoille.<\/li>\n\n\n\n<li><strong>Kysynt\u00e4ohjattu liikenne:<\/strong> Automaatio mahdollistaa reittien ja aikataulujen dynaamisen muokkaamisen reaaliaikaisen k\u00e4ytt\u00e4j\u00e4kysynn\u00e4n perusteella (esim. sovellusvarausten kautta). T\u00e4m\u00e4 tarjoaa parempaa palvelua harvaan asutuilla alueilla tai ruuhka-aikojen ulkopuolella, kun kiinte\u00e4t reitit ovat taloudellisesti kannattamattomia.<\/li>\n\n\n\n<li><strong>Julkisen liikenteen parempi kattavuus:<\/strong> Automatisoitujen ajoneuvojen kustannustehokkuus antaa julkisen liikenteen viranomaisille mahdollisuuden laajentaa palvelua alueille, joilla perinteiset bussilinjat eiv\u00e4t ole kannattavia. T\u00e4m\u00e4 lis\u00e4\u00e4 sosiaalista yhdenvertaisuutta koko kaupungissa.<\/li>\n<\/ul>\n<\/div>\n<\/div>\n<\/details>\n<\/div>\n<\/div>\n\n\n\n<div class=\"wp-block-group alignfull has-base-2-color has-custom-color-5-background-color has-text-color has-background has-link-color wp-elements-e7cd2a5807eee0f7d7ff6239340a0234 has-global-padding is-layout-constrained wp-container-core-group-is-layout-490fa1db wp-block-group-is-layout-constrained\" style=\"padding-top:var(--wp--preset--spacing--50);padding-right:var(--wp--preset--spacing--50);padding-bottom:var(--wp--preset--spacing--50);padding-left:var(--wp--preset--spacing--50)\">\n<div class=\"wp-block-group has-global-padding is-layout-constrained wp-block-group-is-layout-constrained\">\n<h2 class=\"wp-block-heading has-text-align-center has-base-2-color has-text-color has-link-color wp-elements-5909f4bbb6e2d2e240a16cdb47b93cb7\"><strong><strong>Oletko valmis siirtym\u00e4\u00e4n sanoista tekoihin?<\/strong><\/strong><\/h2>\n\n\n\n<p>Teknologian ymm\u00e4rt\u00e4minen on vasta ensimm\u00e4inen askel. Onnistunut automatisoidun liikkumisen projekti vaatii selke\u00e4n strategian, kattavan analyysin juuri teid\u00e4n toimintaymp\u00e4rist\u00f6st\u00e4nne ja realistisen toimintamallin.<\/p>\n\n\n\n<p>Autamme teit\u00e4 navigoimaan haasteiden l\u00e4pi ja rakentamaan selke\u00e4n suunnitelman k\u00e4ytt\u00f6\u00f6notoille.<\/p>\n\n\n\n<div class=\"wp-block-buttons is-layout-flex wp-block-buttons-is-layout-flex\">\n<div class=\"wp-block-button is-style-outline is-style-outline--1\"><a class=\"wp-block-button__link wp-element-button\" href=\"https:\/\/tomorrowmobilitysolutions.com\/fi\/contact-us\/\" style=\"border-width:2px\">Varaa aika konsultaatioon<\/a><\/div>\n<\/div>\n<\/div>\n<\/div>","protected":false},"excerpt":{"rendered":"<p>Accelerating Your Mobility Transformation. Tomorrow Mobility Solutions is dedicated to driving the adoption of sustainable and intelligent transport systems. Our insights cut through the hype to focus on the technical, economic, and operational realities of Automated Mobility. Featured Expertise On this page you can find basic information about Automated Mobility and how it can tackle [&hellip;]<\/p>\n","protected":false},"author":1,"featured_media":0,"parent":0,"menu_order":0,"comment_status":"closed","ping_status":"closed","template":"","meta":{"footnotes":""},"class_list":["post-43","page","type-page","status-publish","hentry"],"aioseo_notices":[],"_links":{"self":[{"href":"https:\/\/tomorrowmobilitysolutions.com\/fi\/wp-json\/wp\/v2\/pages\/43","targetHints":{"allow":["GET"]}}],"collection":[{"href":"https:\/\/tomorrowmobilitysolutions.com\/fi\/wp-json\/wp\/v2\/pages"}],"about":[{"href":"https:\/\/tomorrowmobilitysolutions.com\/fi\/wp-json\/wp\/v2\/types\/page"}],"author":[{"embeddable":true,"href":"https:\/\/tomorrowmobilitysolutions.com\/fi\/wp-json\/wp\/v2\/users\/1"}],"replies":[{"embeddable":true,"href":"https:\/\/tomorrowmobilitysolutions.com\/fi\/wp-json\/wp\/v2\/comments?post=43"}],"version-history":[{"count":46,"href":"https:\/\/tomorrowmobilitysolutions.com\/fi\/wp-json\/wp\/v2\/pages\/43\/revisions"}],"predecessor-version":[{"id":473,"href":"https:\/\/tomorrowmobilitysolutions.com\/fi\/wp-json\/wp\/v2\/pages\/43\/revisions\/473"}],"wp:attachment":[{"href":"https:\/\/tomorrowmobilitysolutions.com\/fi\/wp-json\/wp\/v2\/media?parent=43"}],"curies":[{"name":"wp","href":"https:\/\/api.w.org\/{rel}","templated":true}]}}